{"id":5,"date":"2016-02-19T09:12:21","date_gmt":"2016-02-19T08:12:21","guid":{"rendered":"https:\/\/epc-ua.atelierzidlicky.eu\/?page_id=5"},"modified":"2022-03-17T11:15:10","modified_gmt":"2022-03-17T10:15:10","slug":"uvod","status":"publish","type":"page","link":"https:\/\/epc-ua.atelierzidlicky.eu\/en\/","title":{"rendered":"Intro"},"content":{"rendered":"\n<p><strong>EP Commodities Ukraine \u2013 we are bringing to Ukrainian market our expertise, reliability and flexibility in supplying natural gas<\/strong><\/p>\n\n\n\n<p><strong>EP Commodities Ukraine<\/strong> is a subsidiary of EP Commodities (\u201cEPC\u201d) based in the Czech Republic..<\/p>\n\n\n\n<p>EPC is a company specialising in trading in energy commodities, which mainly involves wholesale transactions with natural gas, electricity, CO2 emission allowances, coal and structural products throughout the European regions.<\/p>\n\n\n\n<p>We are part of the <strong>Energetick\u00fd a pr\u016fmyslov\u00fd holding<\/strong> (\u201cEPH\u201d) group, which is a leading Central European energy group that owns and operates facilities in the Czech Republic, Slovakia, Germany, Italy, Great Britain, Hungary, and France. The Group comprises of&nbsp;over 70 companies and employs more than 24,000 people.<\/p>\n\n\n\n<p>Since 2016 EPH started to develop its operation in Ukraine.&nbsp;<\/p>\n","protected":false},"excerpt":{"rendered":"<p>EP Commodities Ukraine \u2013 we are bringing to Ukrainian market our expertise, reliability and flexibility in supplying natural gas EP Commodities Ukraine is a subsidiary of EP Commodities (\u201cEPC\u201d) based in the Czech Republic.. EPC is a company specialising in trading in energy commodities, which mainly involves wholesale transactions with natural gas, electricity, CO2 emission [&hellip;]<\/p>\n","protected":false},"author":20,"featured_media":0,"parent":0,"menu_order":2,"comment_status":"closed","ping_status":"closed","template":"","meta":[],"acf":[],"_links":{"self":[{"href":"https:\/\/epc-ua.atelierzidlicky.eu\/en\/wp-json\/wp\/v2\/pages\/5"}],"collection":[{"href":"https:\/\/epc-ua.atelierzidlicky.eu\/en\/wp-json\/wp\/v2\/pages"}],"about":[{"href":"https:\/\/epc-ua.atelierzidlicky.eu\/en\/wp-json\/wp\/v2\/types\/page"}],"author":[{"embeddable":true,"href":"https:\/\/epc-ua.atelierzidlicky.eu\/en\/wp-json\/wp\/v2\/users\/20"}],"replies":[{"embeddable":true,"href":"https:\/\/epc-ua.atelierzidlicky.eu\/en\/wp-json\/wp\/v2\/comments?post=5"}],"version-history":[{"count":18,"href":"https:\/\/epc-ua.atelierzidlicky.eu\/en\/wp-json\/wp\/v2\/pages\/5\/revisions"}],"predecessor-version":[{"id":3804,"href":"https:\/\/epc-ua.atelierzidlicky.eu\/en\/wp-json\/wp\/v2\/pages\/5\/revisions\/3804"}],"wp:attachment":[{"href":"https:\/\/epc-ua.atelierzidlicky.eu\/en\/wp-json\/wp\/v2\/media?parent=5"}],"curies":[{"name":"wp","href":"https:\/\/api.w.org\/{rel}","templated":true}]}}